{"id":10591,"date":"2019-06-07T10:23:53","date_gmt":"2019-06-07T15:23:53","guid":{"rendered":"http:\/\/demo.thimpress.com\/eduma\/?page_id=12"},"modified":"2025-05-05T15:47:38","modified_gmt":"2025-05-05T20:47:38","slug":"home","status":"publish","type":"page","link":"https:\/\/jorgegaitanduran.edu.co\/web\/","title":{"rendered":"Inicio"},"content":{"rendered":"<div class=\"wpb-content-wrapper\"><p>[vc_row full_width=\u00bbstretch_row_content_no_spaces\u00bb css=\u00bb.vc_custom_1532059041653{margin-bottom: 0px !important;}\u00bb][vc_column][rev_slider_vc alias=\u00bbhome-page\u00bb][\/vc_column][\/vc_row][vc_row css=\u00bb.vc_custom_1552335716023{margin-top: -90px !important;background-color: #eee0cd !important;}\u00bb el_class=\u00bbrow_relative\u00bb][vc_column width=\u00bb2\/3&#8243; css=\u00bb.vc_custom_1532058844902{padding-top: 0px !important;}\u00bb][vc_row_inner css=\u00bb.vc_custom_1532058886594{margin-bottom: 0px !important;padding-top: 35px !important;padding-right: 20px !important;padding-bottom: 30px !important;padding-left: 20px !important;}\u00bb][vc_column_inner width=\u00bb1\/3&#8243;]<div class=\"thim-widget-icon-box template-base\"><div class=\"wrapper-box-icon text-left \" ><div class=\"smicon-box iconbox-left\" style=\"--icon-font-size:48px;--icon-color:#00a859;--icon-width: 60px;--icon-height: 55px;--icon-color-hover:#dfc290;\"><div class=\"boxes-icon\"><a class=\"icon-box-link\" target=\"_self\" href=\"#\"><span class=\"inner-icon\"><span class=\"icon\"><i class=\"fa fa-briefcase\"\"><\/i><\/span><\/span><\/span><\/a><\/div><div class=\"content-inner\"><div class=\"sc-heading article_heading\"><h3 class = \"heading__primary\" style=\"--title-color: #00a859;--title-font-size: 18px;--title-font-weight: 400;--title-margin-bottom: 5px;\"><a class=\"icon-box-link\" target=\"_self\" href=\"#\" >MODALIDADES T\u00c9CNICAS<\/a><\/h3><\/div><\/div><\/div><\/div><\/div>[\/vc_column_inner][vc_column_inner width=\u00bb1\/3&#8243;]<div class=\"thim-widget-icon-box template-base\"><div class=\"wrapper-box-icon text-left \" ><div class=\"smicon-box iconbox-left\" style=\"--icon-font-size:48px;--icon-color:#00a859;--icon-width: 60px;--icon-height: 55px;--icon-color-hover:#dfc290;\"><div class=\"boxes-icon\"><a class=\"icon-box-link\" target=\"_self\" href=\"#\"><span class=\"inner-icon\"><span class=\"icon\"><i class=\"ion-ios-book-outline\"\"><\/i><\/span><\/span><\/span><\/a><\/div><div class=\"content-inner\"><div class=\"sc-heading article_heading\"><h3 class = \"heading__primary\" style=\"--title-color: #00a859;--title-font-size: 18px;--title-font-weight: 400;--title-margin-bottom: 5px;\"><a class=\"icon-box-link\" target=\"_self\" href=\"#\" >EDUCACI\u00d3N<\/a><\/h3><\/div><div class=\"desc-icon-box\"><div class=\"desc-content\" style=\"color: #292929;font-size: 16px;font-weight: 300;line-height: 23px;\">Preescolar y Primaria<\/div><\/div><\/div><\/div><\/div><\/div>[\/vc_column_inner][vc_column_inner width=\u00bb1\/3&#8243;]<div class=\"thim-widget-icon-box template-base\"><div class=\"wrapper-box-icon text-left \" ><div class=\"smicon-box iconbox-left\" style=\"--icon-font-size:48px;--icon-color:#00a859;--icon-width: 60px;--icon-height: 55px;--icon-color-hover:#dda94f;\"><div class=\"boxes-icon\"><a class=\"icon-box-link\" target=\"_self\" href=\"#\"><span class=\"inner-icon\"><span class=\"icon\"><i class=\"ion-ios-basketball-outline\"\"><\/i><\/span><\/span><\/span><\/a><\/div><div class=\"content-inner\"><div class=\"sc-heading article_heading\"><h3 class = \"heading__primary\" style=\"--title-color: #00a859;--title-font-size: 18px;--title-font-weight: 400;--title-margin-bottom: 5px;\"><a class=\"icon-box-link\" target=\"_self\" href=\"#\" >EDUCACI\u00d3N<\/a><\/h3><\/div><div class=\"desc-icon-box\"><div class=\"desc-content\" style=\"color: #292929;font-size: 16px;font-weight: 300;line-height: 23px;\">Secundaria y Media<\/div><\/div><\/div><\/div><\/div><\/div>[\/vc_column_inner][\/vc_row_inner][\/vc_column][vc_column width=\u00bb1\/3&#8243; el_class=\u00bbfeature-icon-box\u00bb css=\u00bb.vc_custom_1532058945916{padding-top: 35px !important;padding-right: 0px !important;padding-bottom: 33px !important;padding-left: 30px !important;}\u00bb]<div class=\"thim-widget-icon-box template-base\"><div class=\"wrapper-box-icon text-left \" ><div class=\"smicon-box iconbox-right\" style=\"--icon-font-size:38px;--icon-color:#ffffff;--icon-width: 80px;--icon-height: 42px;--icon-color-hover:#842f30;\"><div class=\"boxes-icon\"><a class=\"icon-box-link\" target=\"_self\" href=\"https:\/\/jorgegaitanduran.edu.co\/web\/#\"><span class=\"inner-icon\"><span class=\"icon\"><i class=\"fas fa-graduation-cap\"\"><\/i><\/span><\/span><\/span><\/a><\/div><div class=\"content-inner\"><div class=\"sc-heading article_heading\"><h3 class = \"heading__primary\" style=\"--title-color: #ffffff;--title-font-size: 20px;--title-font-weight: 500;--title-margin-bottom: 5px;\"><a class=\"icon-box-link\" target=\"_self\" href=\"https:\/\/jorgegaitanduran.edu.co\/web\/#\" >REGISTRO DE EGRESADOS<\/a><\/h3><\/div><div class=\"desc-icon-box\"><div class=\"desc-content\" style=\"color: #ffffff;font-size: 16px;font-weight: 300;line-height: 23px;\">Actualizaci\u00f3n de Datos<\/div><\/div><\/div><\/div><\/div><\/div>[\/vc_column][\/vc_row][vc_row][vc_column width=\u00bb1\/2&#8243;]<div class=\"thim-widget-heading template-base\"><div class=\"sc_heading  \"><h3 class=\"title\">Avisos <strong> Importantes<\/strong><\/h3><\/div><\/div>[vc_cta h2=\u00bbManual de Usuario Plataforma Ovy\u00bb txt_align=\u00bbcenter\u00bb color=\u00bbwhite\u00bb add_button=\u00bbbottom\u00bb btn_title=\u00bbVer Informaci\u00f3n\u00bb btn_color=\u00bbwhite\u00bb btn_align=\u00bbcenter\u00bb css=\u00bb.vc_custom_1669666764177{background-color: #00a859 !important;}\u00bb btn_link=\u00bburl:https%3A%2F%2Fjorgegaitanduran.edu.co%2Fweb%2Fwp-content%2Fuploads%2F2022%2F11%2FPlataforma-Ovy.pdf|target:_blank\u00bb][\/vc_cta]<div class=\"thim-widget-testimonials template-testimonials\">\n<div class=\"thim-testimonial-slider image-bottom\" data-activepadding=\"0\" data-time=\"5000\" data-visible=\"5\" data-auto=\"1\" data-mousewheel=\"0\"><div class=\"item\"><div class=\"content\"><div class=\"description\">\"Estamos trabajando con compromiso y responsabilidad para alcanzar la excelencia educativa\"<\/div><h3 class=\"title\">Ovy Company<\/h3><div class=\"regency\">Director<\/div><\/div><div class=\"image\"><img loading=\"lazy\" decoding=\"async\" src=\"https:\/\/jorgegaitanduran.edu.co\/web\/wp-content\/uploads\/2019\/01\/favicon.png\" alt=\"favicon\" title=\"favicon\"  width=\"32\" height=\"32\" data-skip-lazy><\/div><\/div><\/div><\/div>[\/vc_column][vc_column width=\u00bb1\/2&#8243;]<div class=\"thim-widget-heading template-base\"><div class=\"sc_heading  \"><h3 class=\"title\">HISTORIA DEL <strong> INSTITUTO TECNICO JORGE GAITAN DURAN<\/strong><\/h3><\/div><\/div>[vc_column_text css=\u00bb\u00bb]<\/p>\n<div style=\"width: 640px;\" class=\"wp-video\"><video class=\"wp-video-shortcode\" id=\"video-11551-1\" width=\"640\" height=\"363\" preload=\"metadata\" controls=\"controls\"><source type=\"video\/mp4\" src=\"https:\/\/jorgegaitanduran.edu.co\/web\/wp-content\/uploads\/2025\/05\/HISTORIA-DEL-COLEGIO.mp4?_=1\" \/><a href=\"https:\/\/jorgegaitanduran.edu.co\/web\/wp-content\/uploads\/2025\/05\/HISTORIA-DEL-COLEGIO.mp4\">https:\/\/jorgegaitanduran.edu.co\/web\/wp-content\/uploads\/2025\/05\/HISTORIA-DEL-COLEGIO.mp4<\/a><\/video><\/div>\n<p>[\/vc_column_text][\/vc_column][vc_column][vc_zigzag css=\u00bb.vc_custom_1553787417949{margin-top: 15px !important;}\u00bb][\/vc_column][\/vc_row][vc_row full_width=\u00bbstretch_row\u00bb gap=\u00bb15&#8243; css=\u00bb.vc_custom_1548372508104{margin-bottom: 0px !important;padding-top: 10px !important;padding-bottom: 10px !important;background-color: #ffffff !important;}\u00bb][vc_column width=\u00bb1\/2&#8243; css=\u00bb.vc_custom_1548712686673{padding-top: 10px !important;}\u00bb]<div class=\"thim-widget-heading template-base\"><div class=\"sc_heading  \"><h3 style=\"color:#292929;font-size:35px;font-weight:600;\" class=\"title\"><strong>Bienvenidos <\/strong>a Nuestra Instituci\u00f3n<\/h3><\/div><\/div>[vc_column_text css=\u00bb.vc_custom_1563399425462{padding-right: 35px !important;}\u00bb]El 3 de mayo de 2016 inicia mi reto como rector del Instituto T\u00e9cnico Jorge Gait\u00e1n Dur\u00e1n y como pienso desde ese instante, mi compromiso decidido es posicionar a la instituci\u00f3n como el mejor colegio de la zona rural de C\u00facuta, ofreciendo una educaci\u00f3n de calidad en la que el desarrollo integral del ser sea el eje fundamental para ofrecer a la sociedad personas formadas para la vida y transformadoras de su entorno rural fronterizo.<\/p>\n<p>Cada cap\u00edtulo de la historia que se viene escribiendo en la instituci\u00f3n, con los logros obtenidos se dan gracias a la participaci\u00f3n de los tres actores de la comunidad educativa: docentes, padres de familia y estudiantes. El aporte individual nos lleva a alcanzar el \u00e9xito colectivo; como factores preponderantes, los principios de trabajo, sapiencia y constancia garantizan triunfos y reconocimientos que a su vez nos exigen nuevos y mejores retos.<\/p>\n<p>Es el momento inaplazable de creer, fortalecer y proyectar nuestro amado Instituto T\u00e9cnico Jorge Gait\u00e1n Dur\u00e1n, porque definitivamente CONSTRUIR GAIT\u00c1N DUR\u00c1N\u2026COMPROMISO DE TODOS.<\/p>\n<p style=\"text-align: right;\">Rector<\/p>\n<p>[\/vc_column_text][\/vc_column][vc_column width=\u00bb1\/2&#8243; el_class=\u00bbthim-border-left-event\u00bb css=\u00bb.vc_custom_1548712678872{padding-top: 10px !important;}\u00bb]<div class=\"thim-widget-heading template-base\"><div class=\"sc_heading  \"><h3 style=\"color:#292929;font-size:35px;font-weight:600;\" class=\"title\">\u00daltimas <strong>Noticias<\/strong><\/h3><\/div><\/div><div class=\"thim-widget-list-post template-list-post\">\n<div class=\"sc-list-post thim-list-posts home-new\" >\n\t<div class=\"item-post post-11839 post type-post status-publish format-image hentry category-noticias post_format-post-format-image\">\n\t\t<div class=\"article-title-wrapper\"><h5 class=\"title\"><a href=\"https:\/\/jorgegaitanduran.edu.co\/web\/rutas-y-raices-conociendo-nuestra-geografia-y-entorno-natural\/\" class=\"article-title\">RUTAS Y RA\u00cdCES: CONOCIENDO NUESTRA GEOGRAF\u00cdA Y ENTORNO NATURAL<\/a><\/h5><div class=\"article-date\"><i class=\"tk tk-calendar-with-week-focus\"><\/i> 4 junio, 2025<\/div><div class=\"description\"><p>Ra\u00edces que ense\u00f1an: cartilla pedag\u00f3gica de Agua Clara para docentes \ud83e\udded Una herramienta para ense\u00f1ar geograf\u00eda desde el coraz\u00f3n del territorio. Esta cartilla fue creada como material de apoyo para los docentes de grado quinto, con el prop\u00f3sito de fortalecer &#8230;<\/p><\/div><\/div><\/div>\n\t<div class=\"item-post post-11783 post type-post status-publish format-gallery has-post-thumbnail hentry category-celebraciones category-noticias post_format-post-format-gallery\">\n\t\t<div class=\"article-title-wrapper\"><h5 class=\"title\"><a href=\"https:\/\/jorgegaitanduran.edu.co\/web\/semana-cultural\/\" class=\"article-title\">SEMANA CULTURAL<\/a><\/h5><div class=\"article-date\"><i class=\"tk tk-calendar-with-week-focus\"><\/i> 11 noviembre, 2022<\/div><div class=\"description\"><p>Comunidad educativa, les compartimos unas im\u00e1genes de la maravillosa semana cultural que tuvimos en nuestra instituci\u00f3n.<\/p><\/div><\/div><\/div>\n\t<div class=\"item-post post-540 post type-post status-publish format-standard hentry category-noticias\">\n\t\t<div class=\"article-title-wrapper\"><h5 class=\"title\"><a href=\"https:\/\/jorgegaitanduran.edu.co\/web\/la-rae-elimino-letras-del-alfabeto-y-cambio-el-nombre-a-otras\/\" class=\"article-title\">La RAE elimin\u00f3 letras del Alfabeto y cambi\u00f3 el nombre a otras<\/a><\/h5><div class=\"article-date\"><i class=\"tk tk-calendar-with-week-focus\"><\/i> 13 abril, 2019<\/div><div class=\"description\"><p>Dr\u00e1sticos cambios en el alfabeto y en las reglas de escritura contiene la nueva edici\u00f3n de Ortograf\u00eda elaborada por la Real Academia Espa\u00f1ola (RAE), que se publicar\u00e1 a fines de este a\u00f1o.Entre las modificaciones m\u00e1s llamativas est\u00e1 la eliminaci\u00f3n de &#8230;<\/p><\/div><\/div><\/div>\n\t<div class=\"item-post post-533 post type-post status-publish format-standard hentry category-noticias\">\n\t\t<div class=\"article-title-wrapper\"><h5 class=\"title\"><a href=\"https:\/\/jorgegaitanduran.edu.co\/web\/ruta-de-atencion-para-la-convivenvia-escolar\/\" class=\"article-title\">Ruta de Atenci\u00f3n para la Convivenvia Escolar<\/a><\/h5><div class=\"article-date\"><i class=\"tk tk-calendar-with-week-focus\"><\/i> 7 abril, 2019<\/div><div class=\"description\"><p>PRINCIPIOS REGULADORES EL DEBIDO PROCESO Reconocimiento de la dignidad humana: Respeto a la persona. El estudiante, as\u00ed sea un infractor de norma contenida en el Manual de Convivencia, es sujeto de derechos, de respeto y consideraci\u00f3n por parte de los &#8230;<\/p><\/div><\/div><\/div><\/div><\/div>[\/vc_column][\/vc_row][vc_row full_width=\u00bbstretch_row\u00bb disable_element=\u00bbyes\u00bb css=\u00bb.vc_custom_1560011388305{margin-bottom: 0px !important;padding-top: 60px !important;padding-bottom: 60px !important;background-color: #353866 !important;}\u00bb][vc_column width=\u00bb1\/4&#8243; css=\u00bb.vc_custom_1532062830416{padding-top: 0px !important;}\u00bb]<div class=\"vc-extral_class home-grad\"><div class=\"thim-widget-counters-box template-base\"><div class=\"counter-box home-page\" style=\"\"><div class=\"content-box-percentage\">\n\t\t<div class=\"wrap-percentage\">\n\t\t<div class=\"display-percentage\" data-percentage=\"95\" >95<\/div><div class=\"text_number\">%<\/div><\/div><div class=\"counter-content-container\"><div class=\"counter-box-content\" style=\"\">Estudiantes Aprobados<\/div><\/div><\/div><\/div><\/div><\/div>[\/vc_column][vc_column width=\u00bb1\/4&#8243; css=\u00bb.vc_custom_1549114450977{padding-top: 0px !important;}\u00bb]<div class=\"vc-extral_class home-grad\"><div class=\"thim-widget-counters-box template-base\"><div class=\"counter-box home-page\" style=\"\"><div class=\"content-box-percentage\">\n\t\t<div class=\"wrap-percentage\">\n\t\t<div class=\"display-percentage\" data-percentage=\"60\" >60<\/div><div class=\"text_number\">K<\/div><\/div><div class=\"counter-content-container\"><div class=\"counter-box-content\" style=\"\">Estudiantes Atendidos<\/div><\/div><\/div><\/div><\/div><\/div>[\/vc_column][vc_column width=\u00bb1\/4&#8243; css=\u00bb.vc_custom_1532062843476{padding-top: 0px !important;}\u00bb]<div class=\"vc-extral_class home-grad\"><div class=\"thim-widget-counters-box template-base\"><div class=\"counter-box home-page\" style=\"\"><div class=\"content-box-percentage\">\n\t\t<div class=\"wrap-percentage\">\n\t\t<div class=\"display-percentage\" data-percentage=\"3200\" >3200<\/div><div class=\"text_number\"><\/div><\/div><div class=\"counter-content-container\"><div class=\"counter-box-content\" style=\"\">Estudiantes Graduados<\/div><\/div><\/div><\/div><\/div><\/div>[\/vc_column][vc_column width=\u00bb1\/4&#8243; css=\u00bb.vc_custom_1532062850425{padding-top: 0px !important;}\u00bb]<div class=\"vc-extral_class home-grad\"><div class=\"thim-widget-counters-box template-base\"><div class=\"counter-box home-page\" style=\"\"><div class=\"content-box-percentage\">\n\t\t<div class=\"wrap-percentage\">\n\t\t<div class=\"display-percentage\" data-percentage=\"45\" >45<\/div><div class=\"text_number\"><\/div><\/div><div class=\"counter-content-container\"><div class=\"counter-box-content\" style=\"\">A\u00f1os de Historia<\/div><\/div><\/div><\/div><\/div><\/div>[\/vc_column][\/vc_row][vc_row content_placement=\u00bbmiddle\u00bb css=\u00bb.vc_custom_1741225968502{margin-top: 30px !important;background-image: url(https:\/\/jorgegaitanduran.edu.co\/web\/wp-content\/uploads\/2025\/03\/Teprot.png?id=11806) !important;background-position: center !important;background-repeat: no-repeat !important;background-size: cover !important;}\u00bb el_id=\u00bb#teprotejo\u00bb][vc_column width=\u00bb1\/3&#8243;][\/vc_column][vc_column width=\u00bb1\/3&#8243;]<div class=\"thim-widget-heading template-base\"><div class=\"sc_heading  text-center\"><h3 style=\"color:#1e73be;font-size:19px;font-weight:bold;\" class=\"title\">TeGu\u00edo<\/h3><\/div><\/div>[vc_column_text css=\u00bb\u00bb]<\/p>\n<p style=\"text-align: center;\">Si tienes dudas sobre l\u00edmites en las relaciones, consentimiento, contacto con material de explotaci\u00f3n sexual de ni\u00f1as, ni\u00f1os y adolescentes, preocupaciones sobre los intereses, comentarios o comportamientos sexuales de alguien menor de 18 a\u00f1os, en Te Gu\u00edo est\u00e1 bien preguntar.<\/p>\n<p>[\/vc_column_text][vc_btn title=\u00bbVisitar Sitio\u00bb style=\u00bb3d\u00bb color=\u00bbprimary\u00bb size=\u00bbsm\u00bb align=\u00bbcenter\u00bb i_icon_fontawesome=\u00bbfas fa-external-link-alt\u00bb css=\u00bb\u00bb add_icon=\u00bbtrue\u00bb link=\u00bburl:https%3A%2F%2Fwww.teguiocolombia.org%2Findex.html|target:_blank\u00bb][\/vc_column][vc_column width=\u00bb1\/3&#8243;][\/vc_column][\/vc_row][vc_row full_width=\u00bbstretch_row\u00bb][vc_column width=\u00bb1\/3&#8243;]<div class=\"thim-widget-heading template-base\"><div class=\"sc_heading  \"><h3 style=\"color:#292929;font-size:35px;font-weight:600;\" class=\"title\">Nuestra <strong>Misi\u00f3n<\/strong><\/h3><\/div><\/div>[vc_column_text css=\u00bb.vc_custom_1563398233914{margin-bottom: 35px !important;}\u00bb]<\/p>\n<div class=\"textwidget\">\n<p style=\"text-align: left;\"><strong>El INSTITUTO T\u00c9CNICO JORGE GAIT\u00c1N DUR\u00c1N<\/strong>, educara con sentido y significado desde el valor de la vida y la paz, profundizando en la formaci\u00f3n integral de la persona como sujeto de conocimiento y actor en el \u00e1mbito social; que conlleve a la aplicaci\u00f3n de los procesos t\u00e9cnico-agropecuarios permitiendo el inicio de proyectos productivo comunitario.<\/p>\n<\/div>\n<p>[\/vc_column_text]<div class=\"thim-widget-button template-base\"><a class=\"widget-button very-rounded no-border small custom_style\" href=\"https:\/\/jorgegaitanduran.edu.co\/web\/nuestro-colegio\/\" style=\"--widget-button-font-size: 14px;--widget-button-font-weight: 400;--widget-button-color: #ffffff;--widget-button-background-color: #00a859;--widget-button-color-hover: #ffffff;--widget-button-background-color-hover: #1c9b8e;\"><i class=\"fa fa-plus\" style=\"font-size: 14px;\"><\/i> Informaci\u00f3n<\/a><\/div>[\/vc_column][vc_column width=\u00bb1\/3&#8243;]<div class=\"thim-widget-heading template-base\"><div class=\"sc_heading  text-center\"><h3 style=\"color:#292929;font-size:35px;font-weight:600;\" class=\"title\">Nuestra <strong>Bandera<\/strong><\/h3><\/div><\/div>[vc_single_image image=\u00bb11714&#8243; img_size=\u00bbmedium\u00bb alignment=\u00bbcenter\u00bb][vc_single_image image=\u00bb11816&#8243; img_size=\u00bbmedium\u00bb alignment=\u00bbcenter\u00bb css=\u00bb\u00bb][\/vc_column][vc_column width=\u00bb1\/3&#8243;]<div class=\"thim-widget-heading template-base\"><div class=\"sc_heading  text-center\"><h3 style=\"color:#292929;font-size:35px;font-weight:600;\" class=\"title\">Nuestra<strong> Visi\u00f3n <\/strong><\/h3><\/div><\/div>[vc_column_text css=\u00bb.vc_custom_1563398246007{margin-bottom: 35px !important;}\u00bb]<\/p>\n<div class=\"textwidget\">\n<p style=\"text-align: left;\"><strong>El<\/strong>\u00a0<b>INSTITUTO T\u00c9CNICO JORGE GAIT\u00c1N DUR\u00c1N,<\/b>\u00a0ser\u00e1 una instituci\u00f3n educativa que responda a los avances tecnol\u00f3gicos del siglo XXI y propenda por la formaci\u00f3n de personas con alto grado en valores humanos, con capacidad de liderazgo para generar proyectos empresariales que involucren y beneficien a todos los miembros de la comunidad.<\/p>\n<\/div>\n<p>[\/vc_column_text][\/vc_column][\/vc_row][vc_row css=\u00bb.vc_custom_1548794962314{padding-top: 0px !important;padding-bottom: 0px !important;}\u00bb][vc_column][vc_separator]<div class=\"thim-widget-heading template-base\"><div class=\"sc_heading  text-center\"><h3 class=\"title\">Nuestra <strong> Galer\u00eda<\/strong><\/h3><\/div><\/div><div class=\"thim-widget-gallery-posts template-gallery-posts\">\n\n\t<div class=\"wrapper-gallery-filter isotope-layout\" itemscope itemtype=\"http:\/\/schema.org\/ItemList\">\n\t\t<div class=\"item_gallery size11 filter-3470 filter-3467\"><a class=\"thim-gallery-popup\" href=\"#\" data-id=\"11783\"><div class=\"info_post\"><span class=\"inner-info\"><i class=\"fas fa-expand\"><\/i> SEMANA CULTURAL<\/span><\/div><img loading=\"lazy\" decoding=\"async\" src=\"https:\/\/jorgegaitanduran.edu.co\/web\/wp-content\/uploads\/2022\/11\/WhatsApp-Image-2022-11-11-at-3.52.47-PM-225x225.jpeg\" alt=\"SEMANA CULTURAL\" title=\"WhatsApp Image 2022-11-11 at 3.52.47 PM\"  width=\"225\" height=\"225\"><\/a><\/div><div class=\"item_gallery size11 filter-1\"><a class=\"thim-gallery-popup\" href=\"#\" data-id=\"11744\"><div class=\"info_post\"><span class=\"inner-info\"><i class=\"fas fa-expand\"><\/i> EVENTOS<\/span><\/div><img loading=\"lazy\" decoding=\"async\" src=\"https:\/\/jorgegaitanduran.edu.co\/web\/wp-content\/uploads\/2019\/09\/da384aeb-c39e-4817-9aca-8d2b29f71f79-225x225.jpg\" alt=\"EVENTOS\" title=\"da384aeb-c39e-4817-9aca-8d2b29f71f79\"  width=\"225\" height=\"225\"><\/a><\/div><div class=\"item_gallery size11 filter-3479\"><a class=\"thim-gallery-popup\" href=\"#\" data-id=\"11723\"><div class=\"info_post\"><span class=\"inner-info\"><i class=\"fas fa-expand\"><\/i> Fotos<\/span><\/div><img loading=\"lazy\" decoding=\"async\" src=\"https:\/\/jorgegaitanduran.edu.co\/web\/wp-content\/uploads\/2019\/07\/14-1-225x225.jpg\" alt=\"Fotos\" title=\"14 (1)\"  width=\"225\" height=\"225\"><\/a><\/div>\t<\/div>\n\t<div class=\"thim-gallery-show\"><\/div>\n\n\t<\/div>[\/vc_column][\/vc_row][vc_row full_width=\u00bbstretch_row\u00bb css=\u00bb.vc_custom_1741226067579{padding-top: 80px !important;padding-bottom: 80px !important;background-color: #71cefc !important;}\u00bb][vc_column css=\u00bb.vc_custom_1532076559485{padding-top: 0px !important;}\u00bb]<div class=\"vc-extral_class wpb_animate_when_almost_visible wpb_left-to-right left-to-right\"><div class=\"thim-widget-gallery-images template-base\"><div class=\"thim-carousel-wrapper gallery-img\" data-visible=\"3\" data-itemtablet=\"3\" data-itemmobile=\"3\" data-autoplay=\"0\" data-navigation=\"1\" data-pagination=\"1\" data-loop=\"true\"><div class=\"item\"><a target=_blank href=\"https:\/\/teprotejocolombia.org\/\"><img loading=\"lazy\" decoding=\"async\" width=\"412\" height=\"150\" src=\"https:\/\/jorgegaitanduran.edu.co\/web\/wp-content\/uploads\/2025\/03\/TEPROTEJO.png\" class=\"attachment-full size-full\" alt=\"\" srcset=\"https:\/\/jorgegaitanduran.edu.co\/web\/wp-content\/uploads\/2025\/03\/TEPROTEJO.png 412w, https:\/\/jorgegaitanduran.edu.co\/web\/wp-content\/uploads\/2025\/03\/TEPROTEJO-300x109.png 300w\" sizes=\"auto, (max-width: 412px) 100vw, 412px\" \/><\/a><\/div><div class=\"item\"><a target=_blank href=\"https:\/\/www.sena.edu.co\/es-co\/Paginas\/default.aspx\"><img loading=\"lazy\" decoding=\"async\" width=\"153\" height=\"150\" src=\"https:\/\/jorgegaitanduran.edu.co\/web\/wp-content\/uploads\/2025\/03\/logoSena-e1737411421366.png\" class=\"attachment-full size-full\" alt=\"\" \/><\/a><\/div><div class=\"item\"><a target=_blank href=\"https:\/\/www.icfes.gov.co\/\"><img loading=\"lazy\" decoding=\"async\" width=\"108\" height=\"150\" src=\"https:\/\/jorgegaitanduran.edu.co\/web\/wp-content\/uploads\/2025\/03\/ICFES.png\" class=\"attachment-full size-full\" alt=\"\" \/><\/a><\/div><\/div><\/div><\/div>[\/vc_column][\/vc_row]<\/p>\n<\/div>","protected":false},"excerpt":{"rendered":"<p>[vc_row full_width=\u00bbstretch_row_content_no_spaces\u00bb css=\u00bb.vc_custom_1532059041653{margin-bottom: 0px !important;}\u00bb][vc_column][rev_slider_vc alias=\u00bbhome-page\u00bb][\/vc_column][\/vc_row][vc_row css=\u00bb.vc_custom_1552335716023{margin-top: -90px !important;background-color: #eee0cd !important;}\u00bb el_class=\u00bbrow_relative\u00bb][vc_column width=\u00bb2\/3&#8243; css=\u00bb.vc_custom_1532058844902{padding-top: 0px !important;}\u00bb][vc_row_inner css=\u00bb.vc_custom_1532058886594{margin-bottom: 0px !important;padding-top: 35px !important;padding-right: 20px !important;padding-bottom: 30px !important;padding-left: 20px !important;}\u00bb][vc_column_inner width=\u00bb1\/3&#8243;][\/vc_column_inner][vc_column_inner width=\u00bb1\/3&#8243;][\/vc_column_inner][vc_column_inner width=\u00bb1\/3&#8243;][\/vc_column_inner][\/vc_row_inner][\/vc_column][vc_column width=\u00bb1\/3&#8243; el_class=\u00bbfeature-icon-box\u00bb css=\u00bb.vc_custom_1532058945916{padding-top: 35px !important;padding-right: 0px !important;padding-bottom: 33px !important;padding-left: 30px &hellip; <\/p>\n","protected":false},"author":1,"featured_media":0,"parent":0,"menu_order":0,"comment_status":"closed","ping_status":"closed","template":"page-templates\/homepage.php","meta":{"footnotes":""},"class_list":["post-10591","page","type-page","status-publish","hentry"],"_links":{"self":[{"href":"https:\/\/jorgegaitanduran.edu.co\/web\/wp-json\/wp\/v2\/pages\/10591","targetHints":{"allow":["GET"]}}],"collection":[{"href":"https:\/\/jorgegaitanduran.edu.co\/web\/wp-json\/wp\/v2\/pages"}],"about":[{"href":"https:\/\/jorgegaitanduran.edu.co\/web\/wp-json\/wp\/v2\/types\/page"}],"author":[{"embeddable":true,"href":"https:\/\/jorgegaitanduran.edu.co\/web\/wp-json\/wp\/v2\/users\/1"}],"replies":[{"embeddable":true,"href":"https:\/\/jorgegaitanduran.edu.co\/web\/wp-json\/wp\/v2\/comments?post=10591"}],"version-history":[{"count":39,"href":"https:\/\/jorgegaitanduran.edu.co\/web\/wp-json\/wp\/v2\/pages\/10591\/revisions"}],"predecessor-version":[{"id":11826,"href":"https:\/\/jorgegaitanduran.edu.co\/web\/wp-json\/wp\/v2\/pages\/10591\/revisions\/11826"}],"wp:attachment":[{"href":"https:\/\/jorgegaitanduran.edu.co\/web\/wp-json\/wp\/v2\/media?parent=10591"}],"curies":[{"name":"wp","href":"https:\/\/api.w.org\/{rel}","templated":true}]}}